{"id":730,"date":"2019-08-18T18:41:43","date_gmt":"2019-08-18T16:41:43","guid":{"rendered":"https:\/\/souhor.com\/?post_type=product&#038;p=730"},"modified":"2021-04-03T09:41:43","modified_gmt":"2021-04-03T07:41:43","slug":"huile-de-carapa-50-ml","status":"publish","type":"product","link":"https:\/\/souhor.com\/?product=huile-de-carapa-50-ml","title":{"rendered":"Carapa"},"content":{"rendered":"<p>Huile de Carapa 50 ml<\/p>\n<p>&nbsp;<\/p>\n<p>Elle r\u00e9g\u00e9n\u00e8re, nourrit et purifie la peau.<\/p>\n<p>&nbsp;<\/p>\n<p>Composition: Carapa Procera seed oil.<\/p>\n<p>&nbsp;<\/p>\n<p>&nbsp;<\/p>\n<p>Produit de C\u00f4te d&rsquo;Ivoire.<\/p>\n","protected":false},"excerpt":{"rendered":"<p>Huile de Carapa 50 ml &nbsp; Elle r\u00e9g\u00e9n\u00e8re, nourrit et purifie la peau. &nbsp; Composition: Carapa Procera seed oil. &nbsp; &nbsp; Produit de C\u00f4te d&rsquo;Ivoire.<\/p>\n","protected":false},"featured_media":5306,"comment_status":"open","ping_status":"closed","template":"","meta":{"jetpack_publicize_message":"","jetpack_publicize_feature_enabled":true,"jetpack_social_post_already_shared":true,"jetpack_social_options":{"image_generator_settings":{"template":"highway","default_image_id":0,"font":"","enabled":false},"version":2}},"product_brand":[],"product_cat":[50],"product_tag":[],"class_list":{"0":"post-730","1":"product","2":"type-product","3":"status-publish","4":"has-post-thumbnail","6":"product_cat-huiles-cosmetiques-naturelles","8":"first","9":"instock","10":"taxable","11":"shipping-taxable","12":"purchasable","13":"product-type-simple"},"jetpack_publicize_connections":[],"jetpack-related-posts":[],"jetpack_sharing_enabled":true,"_links":{"self":[{"href":"https:\/\/souhor.com\/index.php?rest_route=\/wp\/v2\/product\/730","targetHints":{"allow":["GET"]}}],"collection":[{"href":"https:\/\/souhor.com\/index.php?rest_route=\/wp\/v2\/product"}],"about":[{"href":"https:\/\/souhor.com\/index.php?rest_route=\/wp\/v2\/types\/product"}],"replies":[{"embeddable":true,"href":"https:\/\/souhor.com\/index.php?rest_route=%2Fwp%2Fv2%2Fcomments&post=730"}],"wp:featuredmedia":[{"embeddable":true,"href":"https:\/\/souhor.com\/index.php?rest_route=\/wp\/v2\/media\/5306"}],"wp:attachment":[{"href":"https:\/\/souhor.com\/index.php?rest_route=%2Fwp%2Fv2%2Fmedia&parent=730"}],"wp:term":[{"taxonomy":"product_brand","embeddable":true,"href":"https:\/\/souhor.com\/index.php?rest_route=%2Fwp%2Fv2%2Fproduct_brand&post=730"},{"taxonomy":"product_cat","embeddable":true,"href":"https:\/\/souhor.com\/index.php?rest_route=%2Fwp%2Fv2%2Fproduct_cat&post=730"},{"taxonomy":"product_tag","embeddable":true,"href":"https:\/\/souhor.com\/index.php?rest_route=%2Fwp%2Fv2%2Fproduct_tag&post=730"}],"curies":[{"name":"wp","href":"https:\/\/api.w.org\/{rel}","templated":true}]}}