{"id":724,"date":"2019-08-18T18:07:26","date_gmt":"2019-08-18T16:07:26","guid":{"rendered":"https:\/\/souhor.com\/?post_type=product&#038;p=724"},"modified":"2026-04-12T19:00:26","modified_gmt":"2026-04-12T17:00:26","slug":"argile-verte-120grs","status":"publish","type":"product","link":"https:\/\/souhor.com\/?product=argile-verte-120grs","title":{"rendered":"Argile Verte"},"content":{"rendered":"<p>Argile Verte 120 grs<\/p>\n<p>&nbsp;<\/p>\n<p><span style=\"font-family: arial, helvetica, sans-serif;\">\u00a0L&rsquo;argile verte r\u00e9gule l&rsquo;exc\u00e8s de s\u00e9bum\u00a0et\u00a0\u00e9limine les impuret\u00e9s et les toxines.<\/span><\/p>\n<p><span style=\"font-family: arial, helvetica, sans-serif;\"> Cicatrisante et adoucissante, elle\u00a0apaise les irritations du cuir chevelu, y compris l&rsquo;ecz\u00e9ma<\/span><span style=\"font-family: arial, helvetica, sans-serif;\">.<\/span><\/p>\n<p><span style=\"font-family: arial, helvetica, sans-serif;\"> Elle s&rsquo;utilise en\u00a0masque capillaire, lequel a \u00e9galement pour effet de laisser une sensation de fra\u00eecheur.<\/span><\/p>\n<p>&nbsp;<\/p>\n<p>Composition: 100% Argile Verte<\/p>\n<p>&nbsp;<\/p>\n<p>Produit du Maroc<\/p>\n","protected":false},"excerpt":{"rendered":"<p>Argile Verte 120 grs &nbsp; \u00a0L&rsquo;argile verte r\u00e9gule l&rsquo;exc\u00e8s de s\u00e9bum\u00a0et\u00a0\u00e9limine les impuret\u00e9s et les toxines. Cicatrisante et adoucissante, elle\u00a0apaise les irritations du cuir chevelu, y compris l&rsquo;ecz\u00e9ma. Elle s&rsquo;utilise en\u00a0masque capillaire, lequel a \u00e9galement pour effet de laisser une sensation de fra\u00eecheur. &nbsp; Composition: 100% Argile Verte &nbsp; Produit du Maroc<\/p>\n","protected":false},"featured_media":5169,"comment_status":"open","ping_status":"closed","template":"","meta":{"jetpack_publicize_message":"","jetpack_publicize_feature_enabled":true,"jetpack_social_post_already_shared":true,"jetpack_social_options":{"image_generator_settings":{"template":"highway","default_image_id":0,"font":"","enabled":false},"version":2}},"product_brand":[],"product_cat":[51],"product_tag":[],"class_list":{"0":"post-724","1":"product","2":"type-product","3":"status-publish","4":"has-post-thumbnail","6":"product_cat-soins-du-corps","8":"first","9":"instock","10":"taxable","11":"shipping-taxable","12":"purchasable","13":"product-type-simple"},"jetpack_publicize_connections":[],"jetpack-related-posts":[],"jetpack_sharing_enabled":true,"_links":{"self":[{"href":"https:\/\/souhor.com\/index.php?rest_route=\/wp\/v2\/product\/724","targetHints":{"allow":["GET"]}}],"collection":[{"href":"https:\/\/souhor.com\/index.php?rest_route=\/wp\/v2\/product"}],"about":[{"href":"https:\/\/souhor.com\/index.php?rest_route=\/wp\/v2\/types\/product"}],"replies":[{"embeddable":true,"href":"https:\/\/souhor.com\/index.php?rest_route=%2Fwp%2Fv2%2Fcomments&post=724"}],"wp:featuredmedia":[{"embeddable":true,"href":"https:\/\/souhor.com\/index.php?rest_route=\/wp\/v2\/media\/5169"}],"wp:attachment":[{"href":"https:\/\/souhor.com\/index.php?rest_route=%2Fwp%2Fv2%2Fmedia&parent=724"}],"wp:term":[{"taxonomy":"product_brand","embeddable":true,"href":"https:\/\/souhor.com\/index.php?rest_route=%2Fwp%2Fv2%2Fproduct_brand&post=724"},{"taxonomy":"product_cat","embeddable":true,"href":"https:\/\/souhor.com\/index.php?rest_route=%2Fwp%2Fv2%2Fproduct_cat&post=724"},{"taxonomy":"product_tag","embeddable":true,"href":"https:\/\/souhor.com\/index.php?rest_route=%2Fwp%2Fv2%2Fproduct_tag&post=724"}],"curies":[{"name":"wp","href":"https:\/\/api.w.org\/{rel}","templated":true}]}}