{"id":723,"date":"2019-08-18T17:53:00","date_gmt":"2019-08-18T15:53:00","guid":{"rendered":"https:\/\/souhor.com\/?post_type=product&#038;p=723"},"modified":"2021-05-09T01:46:41","modified_gmt":"2021-05-08T23:46:41","slug":"argile-rouge-120-grs","status":"publish","type":"product","link":"https:\/\/souhor.com\/?product=argile-rouge-120-grs","title":{"rendered":"Argile Rouge 120 grs"},"content":{"rendered":"<p>Argile Rouge 120 grs<\/p>\n<p>&nbsp;<\/p>\n<p>Riche en oligo-\u00e9l\u00e9ments et en min\u00e9raux, l&rsquo;argile rouge est recommand\u00e9e pour les peaux sensibles et fragiles.<\/p>\n<p>Elle am\u00e9liore la circulation sanguine et diminue les rougeurs.<\/p>\n<p>Elle apaise les douleurs des peaux irrit\u00e9es.<\/p>\n<p>&nbsp;<\/p>\n<p>Composition: 100% argile rouge.<\/p>\n<p>&nbsp;<\/p>\n<p>&nbsp;<\/p>\n<p>Produit au Maroc<\/p>\n<p>&nbsp;<\/p>\n","protected":false},"excerpt":{"rendered":"<p>Argile Rouge 120 grs &nbsp; Riche en oligo-\u00e9l\u00e9ments et en min\u00e9raux, l&rsquo;argile rouge est recommand\u00e9e pour les peaux sensibles et fragiles. Elle am\u00e9liore la circulation sanguine et diminue les rougeurs. Elle apaise les douleurs des peaux irrit\u00e9es. &nbsp; Composition: 100% argile rouge. &nbsp; &nbsp; Produit au Maroc &nbsp;<\/p>\n","protected":false},"featured_media":538,"comment_status":"open","ping_status":"closed","template":"","meta":{"jetpack_publicize_message":"","jetpack_publicize_feature_enabled":true,"jetpack_social_post_already_shared":true,"jetpack_social_options":{"image_generator_settings":{"template":"highway","default_image_id":0,"font":"","enabled":false},"version":2}},"product_brand":[],"product_cat":[51],"product_tag":[],"class_list":{"0":"post-723","1":"product","2":"type-product","3":"status-publish","4":"has-post-thumbnail","6":"product_cat-soins-du-corps","8":"first","9":"instock","10":"taxable","11":"shipping-taxable","12":"purchasable","13":"product-type-simple"},"jetpack_publicize_connections":[],"jetpack-related-posts":[],"jetpack_sharing_enabled":true,"_links":{"self":[{"href":"https:\/\/souhor.com\/index.php?rest_route=\/wp\/v2\/product\/723","targetHints":{"allow":["GET"]}}],"collection":[{"href":"https:\/\/souhor.com\/index.php?rest_route=\/wp\/v2\/product"}],"about":[{"href":"https:\/\/souhor.com\/index.php?rest_route=\/wp\/v2\/types\/product"}],"replies":[{"embeddable":true,"href":"https:\/\/souhor.com\/index.php?rest_route=%2Fwp%2Fv2%2Fcomments&post=723"}],"wp:featuredmedia":[{"embeddable":true,"href":"https:\/\/souhor.com\/index.php?rest_route=\/wp\/v2\/media\/538"}],"wp:attachment":[{"href":"https:\/\/souhor.com\/index.php?rest_route=%2Fwp%2Fv2%2Fmedia&parent=723"}],"wp:term":[{"taxonomy":"product_brand","embeddable":true,"href":"https:\/\/souhor.com\/index.php?rest_route=%2Fwp%2Fv2%2Fproduct_brand&post=723"},{"taxonomy":"product_cat","embeddable":true,"href":"https:\/\/souhor.com\/index.php?rest_route=%2Fwp%2Fv2%2Fproduct_cat&post=723"},{"taxonomy":"product_tag","embeddable":true,"href":"https:\/\/souhor.com\/index.php?rest_route=%2Fwp%2Fv2%2Fproduct_tag&post=723"}],"curies":[{"name":"wp","href":"https:\/\/api.w.org\/{rel}","templated":true}]}}