{"id":359,"date":"2019-07-28T18:07:58","date_gmt":"2019-07-28T16:07:58","guid":{"rendered":"https:\/\/souhor.com\/produit\/import-placeholder-for-1197"},"modified":"2020-11-16T11:08:14","modified_gmt":"2020-11-16T09:08:14","slug":"huile-de-baobab-50-ml","status":"publish","type":"product","link":"https:\/\/souhor.com\/?product=huile-de-baobab-50-ml","title":{"rendered":"Baobab"},"content":{"rendered":"\n<p>Huile de Baobab 50 ml<\/p>\n<p>Composition: Huile Baobab 100% Bio<\/p>\n<p>Utilisation:<\/p>\n<p>Pour le visage, le corps et les cheveux.<\/p>\n<p>Elle hydrate, prot\u00e8ge votre peau, riche en vitamine E elle pr\u00e9vient des rides et aide \u00e0 r\u00e9g\u00e9n\u00e9rer les cellules cutan\u00e9es, elle rend votre teint \u00e9clatant.<\/p>\n<p>Elle convient \u00e9galement pour toutes celles qui ont les cheveux secs afin de les nourrir en profondeur, vos cheveux retrouveront souplesse et brillance.<\/p>\n<p>Product of Ivory Coast<\/p>\n","protected":false},"excerpt":{"rendered":"<p>Composition: Huile Baobab 100% Bio<\/p>\n<p>Utilisation:<\/p>\n<p>Pour le visage, le corps et les cheveux.<\/p>\n<p>Elle hydrate, prot\u00e8ge votre peau, riche en vitamine E elle pr\u00e9vient des rides et aide \u00e0 r\u00e9g\u00e9n\u00e9rer les cellules cutan\u00e9es.<\/p>\n<p>Elle convient \u00e9galement pour toutes celles qui ont les cheveux secs afin de les nourrir en profondeur, vos cheveux retrouveront souplesse et brillance.<\/p>\n<p>Product of Ivory Coast<\/p>\n","protected":false},"featured_media":5162,"comment_status":"closed","ping_status":"closed","template":"","meta":{"jetpack_publicize_message":"","jetpack_publicize_feature_enabled":true,"jetpack_social_post_already_shared":true,"jetpack_social_options":{"image_generator_settings":{"template":"highway","default_image_id":0,"font":"","enabled":false},"version":2}},"product_brand":[],"product_cat":[50],"product_tag":[],"class_list":{"0":"post-359","1":"product","2":"type-product","3":"status-publish","4":"has-post-thumbnail","6":"product_cat-huiles-cosmetiques-naturelles","8":"first","9":"instock","10":"taxable","11":"shipping-taxable","12":"purchasable","13":"product-type-simple"},"jetpack_publicize_connections":[],"jetpack-related-posts":[],"jetpack_sharing_enabled":true,"_links":{"self":[{"href":"https:\/\/souhor.com\/index.php?rest_route=\/wp\/v2\/product\/359","targetHints":{"allow":["GET"]}}],"collection":[{"href":"https:\/\/souhor.com\/index.php?rest_route=\/wp\/v2\/product"}],"about":[{"href":"https:\/\/souhor.com\/index.php?rest_route=\/wp\/v2\/types\/product"}],"replies":[{"embeddable":true,"href":"https:\/\/souhor.com\/index.php?rest_route=%2Fwp%2Fv2%2Fcomments&post=359"}],"wp:featuredmedia":[{"embeddable":true,"href":"https:\/\/souhor.com\/index.php?rest_route=\/wp\/v2\/media\/5162"}],"wp:attachment":[{"href":"https:\/\/souhor.com\/index.php?rest_route=%2Fwp%2Fv2%2Fmedia&parent=359"}],"wp:term":[{"taxonomy":"product_brand","embeddable":true,"href":"https:\/\/souhor.com\/index.php?rest_route=%2Fwp%2Fv2%2Fproduct_brand&post=359"},{"taxonomy":"product_cat","embeddable":true,"href":"https:\/\/souhor.com\/index.php?rest_route=%2Fwp%2Fv2%2Fproduct_cat&post=359"},{"taxonomy":"product_tag","embeddable":true,"href":"https:\/\/souhor.com\/index.php?rest_route=%2Fwp%2Fv2%2Fproduct_tag&post=359"}],"curies":[{"name":"wp","href":"https:\/\/api.w.org\/{rel}","templated":true}]}}