{"id":248,"date":"2019-07-28T18:07:26","date_gmt":"2019-07-28T16:07:26","guid":{"rendered":"https:\/\/souhor.com\/produit\/import-placeholder-for-693"},"modified":"2021-04-03T09:45:47","modified_gmt":"2021-04-03T07:45:47","slug":"huile-dargan-bio-a-la-fleur-doranger-50ml","status":"publish","type":"product","link":"https:\/\/souhor.com\/?product=huile-dargan-bio-a-la-fleur-doranger-50ml","title":{"rendered":"Argan Fleur d&rsquo;Oranger"},"content":{"rendered":"<p>Huile d&rsquo;Argan Bio \u00e0 la Fleur d&rsquo;Oranger 50ml<\/p>\n<p>&nbsp;<\/p>\n<p>Composition: Huile d&rsquo;Argan, Huile essentielle de fleur d&rsquo;Oranger.<\/p>\n<p>Produit au Maroc<\/p>\n","protected":false},"excerpt":{"rendered":"<p>&nbsp;<\/p>\n<p>&nbsp;<\/p>\n<p>&nbsp;<\/p>\n<p>Huile d&rsquo;Argan aux vertus nourrissantes et r\u00e9g\u00e9n\u00e9rantes, d\u00e9licatement parfum\u00e9e \u00e0 la fleur d&rsquo;Oranger, elle est un d\u00e9lice pour les peaux les plus s\u00e8ches.<\/p>\n<p>Cette huile est aussi excellente en massage r\u00e9parateur pour le corps.<\/p>\n<p>&nbsp;<\/p>\n<p>&nbsp;<\/p>\n","protected":false},"featured_media":5165,"comment_status":"closed","ping_status":"closed","template":"","meta":{"jetpack_publicize_message":"","jetpack_publicize_feature_enabled":true,"jetpack_social_post_already_shared":true,"jetpack_social_options":{"image_generator_settings":{"template":"highway","default_image_id":0,"font":"","enabled":false},"version":2}},"product_brand":[],"product_cat":[50],"product_tag":[],"class_list":{"0":"post-248","1":"product","2":"type-product","3":"status-publish","4":"has-post-thumbnail","6":"product_cat-huiles-cosmetiques-naturelles","8":"first","9":"instock","10":"taxable","11":"shipping-taxable","12":"purchasable","13":"product-type-simple"},"jetpack_publicize_connections":[],"jetpack-related-posts":[],"jetpack_sharing_enabled":true,"_links":{"self":[{"href":"https:\/\/souhor.com\/index.php?rest_route=\/wp\/v2\/product\/248","targetHints":{"allow":["GET"]}}],"collection":[{"href":"https:\/\/souhor.com\/index.php?rest_route=\/wp\/v2\/product"}],"about":[{"href":"https:\/\/souhor.com\/index.php?rest_route=\/wp\/v2\/types\/product"}],"replies":[{"embeddable":true,"href":"https:\/\/souhor.com\/index.php?rest_route=%2Fwp%2Fv2%2Fcomments&post=248"}],"wp:featuredmedia":[{"embeddable":true,"href":"https:\/\/souhor.com\/index.php?rest_route=\/wp\/v2\/media\/5165"}],"wp:attachment":[{"href":"https:\/\/souhor.com\/index.php?rest_route=%2Fwp%2Fv2%2Fmedia&parent=248"}],"wp:term":[{"taxonomy":"product_brand","embeddable":true,"href":"https:\/\/souhor.com\/index.php?rest_route=%2Fwp%2Fv2%2Fproduct_brand&post=248"},{"taxonomy":"product_cat","embeddable":true,"href":"https:\/\/souhor.com\/index.php?rest_route=%2Fwp%2Fv2%2Fproduct_cat&post=248"},{"taxonomy":"product_tag","embeddable":true,"href":"https:\/\/souhor.com\/index.php?rest_route=%2Fwp%2Fv2%2Fproduct_tag&post=248"}],"curies":[{"name":"wp","href":"https:\/\/api.w.org\/{rel}","templated":true}]}}