{"id":871,"date":"2019-08-25T18:34:27","date_gmt":"2019-08-25T16:34:27","guid":{"rendered":"https:\/\/souhor.com\/?page_id=871"},"modified":"2019-08-25T18:35:31","modified_gmt":"2019-08-25T16:35:31","slug":"gestion-des-cookies","status":"publish","type":"page","link":"https:\/\/souhor.com\/?page_id=871","title":{"rendered":"Gestion des cookies"},"content":{"rendered":"<div class=\"cli_pg_page_contaner\">\n<h3>Gestion des cookies<\/h3>\n<div>\n<pre id=\"tw-target-text\" class=\"tw-data-text tw-text-large tw-ta\" dir=\"ltr\" data-placeholder=\"Traduction\"><span lang=\"fr\" tabindex=\"0\"><span style=\"font-family: arial, helvetica, sans-serif;\">C<\/span><span style=\"font-family: arial, helvetica, sans-serif;\">ette page explique ce que sont les cookies et comment nous les utilisons.\nElle d\u00e9tail les types de cookies que nous utilisons, c\u2019est-\u00e0-dire les informations\nque nous recueillons \u00e0 l\u2019aide de cookies, comment ces informations sont \nutilis\u00e9es et comment contr\u00f4ler les pr\u00e9f\u00e9rences en mati\u00e8re de cookies.\nPour plus d'informations sur la mani\u00e8re dont nous utilisons, stockons et \nconservons vos donn\u00e9es personnelles en toute s\u00e9curit\u00e9, consultez nos \ninformation l\u00e9gales.\n\nVous pouvez \u00e0 tout moment modifier ou retirer votre consentement quand a \nl'utilisation des cookies figurant sur notre site Web.\n\nEn savoir plus sur qui nous sommes, comment nous contacter et comment nous traitons les donn\u00e9es personnelles dans nos informations l\u00e9gales.\n\nVotre consentement s'applique aux domaines suivants<\/span><\/span><span style=\"font-family: arial, helvetica, sans-serif;\">: <a href=\"https:\/\/souhor.com\">souhor.com<\/a><\/span><\/pre>\n<p><span style=\"font-family: arial, helvetica, sans-serif;\"><div class=\"cli_user_consent_state\">Votre \u00e9tat actuel\u00a0: Aucun consentement donn\u00e9. <a class=\"cli_manage_current_consent\" style=\"cursor:pointer;text-decoration:underline;\">G\u00e9rez votre consentement.<\/a> <\/div><\/span><\/p>\n<\/div>\n<h3>Que sont les cookies?<\/h3>\n<div>\n<pre id=\"tw-target-text\" class=\"tw-data-text tw-text-large tw-ta\" dir=\"ltr\" data-placeholder=\"Traduction\"><span lang=\"fr\" style=\"font-family: arial, helvetica, sans-serif;\" tabindex=\"0\">Les cookies sont de petits fichiers texte utilis\u00e9s pour stocker de petites \ninformations. \nLes cookies sont stock\u00e9s sur votre appareil lorsque le site Web est charg\u00e9 sur\nvotre navigateur. \nCes cookies nous aident \u00e0 faire fonctionner le site Web correctement, \u00e0 le\ns\u00e9curiser davantage, \n\u00e0 offrir une meilleure exp\u00e9rience utilisateur, \u00e0 comprendre le fonctionnement\ndu site Web et \u00e0 analyser ce qui fonctionne et les points \u00e0 am\u00e9liorer.<\/span><\/pre>\n<\/div>\n<h3>Comment utilisons-nous les cookies?<\/h3>\n<div>\n<pre id=\"tw-target-text\" class=\"tw-data-text tw-text-large tw-ta\" dir=\"ltr\" data-placeholder=\"Traduction\"><span lang=\"fr\" style=\"font-family: arial, helvetica, sans-serif;\" tabindex=\"0\">Comme la plupart des services en ligne, notre site Web utilise des cookies de \ntiers \u00e0 diverses fins. \nLes cookies de premi\u00e8re partie sont essentiellement n\u00e9cessaires au bon\nfonctionnement du site Web. \nIls ne collectent aucune de vos donn\u00e9es personnellement identifiables.\n\nLes cookies tiers utilis\u00e9s sur nos sites Web sont principalement utilis\u00e9s pour\ncomprendre le fonctionnement du site Web, votre interaction avec notre site \nWeb, la s\u00e9curit\u00e9 de nos services, la diffusion d\u2019annonces publicitaires \nqui vous int\u00e9ressent et le tout pour vous fournir une meilleure exp\u00e9rience\nutilisateur et aide \u00e0 acc\u00e9l\u00e9rer vos interactions futures avec notre site<\/span><\/pre>\n<\/div>\n<h3>Quels types de cookies utilisons-nous?<\/h3>\n<div>\n<pre id=\"tw-target-text\" class=\"tw-data-text tw-text-large tw-ta\" dir=\"ltr\" data-placeholder=\"Traduction\"><span lang=\"fr\" tabindex=\"0\"><span style=\"font-family: arial, helvetica, sans-serif;\"><strong>Essentiel<\/strong>: Certains cookies sont essentiels pour que vous puissiez profiter de \ntoutes les fonctionnalit\u00e9s \nde notre site. Ils nous permettent de maintenir des sessions d\u2019utilisateur et d\u2019emp\u00eacher toute menace\n\u00e0 la s\u00e9curit\u00e9. Ils ne collectent ni ne stockent aucune information personnelle. \nPar exemple, ces cookies vous permettent de vous connecter \u00e0 votre compte,d'ajouter des produits \u00e0 votre panier et de passer en toute s\u00e9curit\u00e9.<\/span>\n\n<span style=\"font-family: arial, helvetica, sans-serif;\"><strong>Statistiques<\/strong>: Ces cookies stockent des informations telles que le nombre de \nvisiteurs sur le site Web, \nle nombre de visiteurs uniques, les pages du site Web consult\u00e9es, la source de \nla visite, etc. \nCes donn\u00e9es nous aident \u00e0 comprendre et \u00e0 analyser le fonctionnement du siteWeb. o\u00f9 il a besoin d'am\u00e9lioration.\n\n<strong>Marketing<\/strong>: Notre site Web affiche des publicit\u00e9s. Ces cookies sont utilis\u00e9s pourpersonnaliser les publicit\u00e9s que nous vous montrons afin qu'elles aient un senspour vous.\nCes cookies nous aident \u00e9galement \u00e0 suivre l'efficacit\u00e9 de ces campagnes\npublicitaires.\n\n<strong>Fonctionnel<\/strong>: Ce sont les cookies qui aident certaines fonctionnalit\u00e9s non\n essentielles sur notre site Web.\nCes fonctionnalit\u00e9s incluent l\u2019int\u00e9gration de contenus tels que des vid\u00e9os ou le \npartage de contenus sur le site Web sur des plateformes de m\u00e9dias sociaux.\n\n<strong>Pr\u00e9f\u00e9rences<\/strong>: Ces cookies nous aident \u00e0 enregistrer vos param\u00e8tres et vos\n pr\u00e9f\u00e9rences de navigation, \ncomme vos pr\u00e9f\u00e9rences de langue, afin de vous permettre de vivre une \nexp\u00e9rience meilleure et plus efficace lors de vos prochaines visites sur le site.<\/span><\/span><\/pre>\n\n<\/div>\n<h3>Comment puis-je contr\u00f4ler les pr\u00e9f\u00e9rences de cookie?<\/h3>\n<div>\n<pre id=\"tw-target-text\" class=\"tw-data-text tw-text-large tw-ta\" dir=\"ltr\" data-placeholder=\"Traduction\"><span lang=\"fr\" style=\"font-family: arial, helvetica, sans-serif;\" tabindex=\"0\">Les navigateurs proposent diff\u00e9rentes m\u00e9thodes pour bloquer et supprimer les \ncookies utilis\u00e9s par les sites Web. \nVous pouvez modifier les param\u00e8tres de votre navigateur pour \nbloquer \/ supprimer les cookies. \nPour en savoir plus sur la gestion et la suppression des cookies, visitez les sites\n <\/span><a href=\"https:\/\/en.wikipedia.org\/wiki\/HTTP_cookie\" target=\"_blank\" rel=\"nofollow noopener noreferrer\">wikipedia.org<\/a>, <a href=\"http:\/\/www.allaboutcookies.org\/\" target=\"_blank\" rel=\"nofollow noopener noreferrer\">www.allaboutcookies.org.<\/a><\/pre>\n<\/div>\n<\/div>\n","protected":false},"excerpt":{"rendered":"<p>Gestion des cookies Cette page explique ce que sont les cookies et comment nous les utilisons. Elle d\u00e9tail les types de cookies que nous utilisons, c\u2019est-\u00e0-dire les informations que nous recueillons \u00e0 l\u2019aide de cookies, comment ces informations sont utilis\u00e9es et comment contr\u00f4ler les pr\u00e9f\u00e9rences en mati\u00e8re de cookies. Pour plus d&rsquo;informations sur la mani\u00e8re [&hellip;]<\/p>\n","protected":false},"author":1,"featured_media":0,"parent":0,"menu_order":0,"comment_status":"closed","ping_status":"closed","template":"","meta":{"footnotes":""},"class_list":["post-871","page","type-page","status-publish","hentry"],"jetpack_shortlink":"https:\/\/wp.me\/Pab9c0-e3","jetpack-related-posts":[],"jetpack_sharing_enabled":true,"_links":{"self":[{"href":"https:\/\/souhor.com\/index.php?rest_route=\/wp\/v2\/pages\/871","targetHints":{"allow":["GET"]}}],"collection":[{"href":"https:\/\/souhor.com\/index.php?rest_route=\/wp\/v2\/pages"}],"about":[{"href":"https:\/\/souhor.com\/index.php?rest_route=\/wp\/v2\/types\/page"}],"author":[{"embeddable":true,"href":"https:\/\/souhor.com\/index.php?rest_route=\/wp\/v2\/users\/1"}],"replies":[{"embeddable":true,"href":"https:\/\/souhor.com\/index.php?rest_route=%2Fwp%2Fv2%2Fcomments&post=871"}],"version-history":[{"count":2,"href":"https:\/\/souhor.com\/index.php?rest_route=\/wp\/v2\/pages\/871\/revisions"}],"predecessor-version":[{"id":873,"href":"https:\/\/souhor.com\/index.php?rest_route=\/wp\/v2\/pages\/871\/revisions\/873"}],"wp:attachment":[{"href":"https:\/\/souhor.com\/index.php?rest_route=%2Fwp%2Fv2%2Fmedia&parent=871"}],"curies":[{"name":"wp","href":"https:\/\/api.w.org\/{rel}","templated":true}]}}