{"id":3,"date":"2019-07-21T17:03:26","date_gmt":"2019-07-21T15:03:26","guid":{"rendered":"http:\/\/souhor.com\/?page_id=3"},"modified":"2019-08-15T12:57:22","modified_gmt":"2019-08-15T10:57:22","slug":"informations-legales","status":"publish","type":"page","link":"https:\/\/souhor.com\/?page_id=3","title":{"rendered":"Informations l\u00e9gales"},"content":{"rendered":"\n<h1 class=\"wp-block-heading\"><strong>MENTIONS\nLEGALES :<\/strong><\/h1>\n\n\n\n<p> Conform\u00e9ment aux dispositions des articles 6-III et 19 de la Loi n\u00b0 2004-575 du 21 juin 2004 pour la Confiance dans l&rsquo;\u00e9conomie num\u00e9rique, dite L.C.E.N., nous portons \u00e0 la connaissance des utilisateurs et visiteurs du site : souhor.com les informations suivantes :<\/p>\n\n\n\n<p>\n<strong>1.\nInformations l\u00e9gales :<\/strong><\/p>\n\n\n\n<p>\nsouhor.com\net son activit\u00e9 sont un service de EIRL DANON au capital de 1500\u20ac.<\/p>\n\n\n\n<ul class=\"wp-block-list\"><li>\n\tSi\u00e8ge\n\tsocial : 2 impasse Andr\u00e9 Le N\u00f4tre, 94000 Cr\u00e9teil\n\t<\/li><li>\n\tNum\u00e9ro\n\td\u2019immatriculation 824 209 316 R.C.S. CRETEIL \n\t\n\t<\/li><li>N\u00b0\n\tde TVA : FR824 20 9316 00010 \n\t\n\t<\/li><li>\n\tDirecteur\n\tde publication : Florent Stanislawski\n\t<\/li><li>\n\tContact\n\tde la publication : Souhor,beaut\u00e9@gmail.com\n\t<\/li><li>\n\tH\u00e9bergeur\n\t: IONOS 7 place de la gare, 57201 Sarreguemines\n<\/li><\/ul>\n\n\n\n<p>\n<strong>2.\nPr\u00e9sentation et principe :<\/strong><\/p>\n\n\n\n<p>\nEst\nd\u00e9sign\u00e9 ci-apr\u00e8s :&nbsp;<strong>Utilisateur<\/strong>, tout internaute se\nconnectant et utilisant le site susnomm\u00e9 :souhor.com<br>Le site\nsouhor.com regroupe un ensemble de services, dans l&rsquo;\u00e9tat,&nbsp; mis\n\u00e0 la disposition des utilisateurs. Il est ici pr\u00e9cis\u00e9 que ces\nderniers doivent rester courtois et faire preuve de bonne foi tant\nenvers les autres utilisateurs qu&rsquo;envers le webmaster du site\nsouhor.com. Le site souhor.com est mis \u00e0 jour r\u00e9guli\u00e8rement par\nEIRL DANON.<br>EIRL DANON s\u2019efforce de fournir sur le site\nsouhor.com des informations les plus pr\u00e9cises possibles (sous\nr\u00e9serve de modifications apport\u00e9es depuis leur mise en ligne), mais\nne saurait garantir l&rsquo;exactitude, la compl\u00e9tude et l&rsquo;actualit\u00e9 des\ninformations diffus\u00e9es sur son site, qu\u2019elles soient de son fait\nou du fait des tiers partenaires qui lui fournissent ces\ninformations. En cons\u00e9quence, l&rsquo;utilisateur reconna\u00eet utiliser ces\ninformations donn\u00e9es (\u00e0 titre indicatif, non exhaustives et\nsusceptibles d&rsquo;\u00e9voluer) sous sa responsabilit\u00e9 exclusive.<\/p>\n\n\n\n<p>\n<strong>3.\nAccessibilit\u00e9 :<\/strong><br><br>Le\nsite souhor.com est par principe accessible aux utilisateurs 24\/24h,\n7\/7j, sauf interruption, programm\u00e9e ou non, pour les besoins de sa\nmaintenance ou en cas de force majeure. En cas d\u2019impossibilit\u00e9\nd\u2019acc\u00e8s au service, souhor.com s\u2019engage \u00e0 faire son maximum\nafin de r\u00e9tablir l\u2019acc\u00e8s au service et s\u2019efforcera alors de\ncommuniquer pr\u00e9alablement aux utilisateurs les dates et heures de\nl\u2019intervention.&nbsp; N\u2019\u00e9tant soumis qu\u2019\u00e0 une obligation de\nmoyen, souhor.com ne saurait \u00eatre tenu pour responsable de tout\ndommage, quelle qu\u2019en soit la nature, r\u00e9sultant d\u2019une\nindisponibilit\u00e9 du service.<\/p>\n\n\n\n<p>\n<br><strong>4.\nAcceptation des termes et conditions :<\/strong><br><br>L\u2019utilisation\ndu site souhor.com implique l\u2019acceptation pleine et enti\u00e8re des\nconditions g\u00e9n\u00e9rales d\u2019utilisation&nbsp; d\u00e9crites ci-dessus.\nCelles-ci sont consultables par l&rsquo;interm\u00e9diaire d&rsquo;un lien hypertexte\nplac\u00e9 sur toutes les pages du site souhor.com. Il est ici rappel\u00e9\nque les d\u00e9veloppeurs du site souhor.com gardent trace de l&rsquo;adresse\nmail, et de l&rsquo;adresse IP de tout utilisateur. En cons\u00e9quence, il\ndoit \u00eatre conscient qu&rsquo;en cas d&rsquo;injonction de l\u2019autorit\u00e9\njudiciaire il peut \u00eatre retrouv\u00e9 et poursuivi.<\/p>\n\n\n\n<p>\n<strong>5.\nModification des conditions :<\/strong><\/p>\n\n\n\n<p>\nDANON\nEIRL se r\u00e9serve le droit, \u00e0 tout moment, de modifier, compl\u00e9ter,\nenlever ou ajouter, ce sans pr\u00e9avis, tout ou partie des pr\u00e9sentes\nconditions d&rsquo;utilisation du site souhor.com\n,\naussi les utilisateurs du site souhor.com sont&nbsp;invit\u00e9s \u00e0 les\nconsulter de mani\u00e8re r\u00e9guli\u00e8re, car elles s&rsquo;imposent \u00e0 eux sans\naucune r\u00e9serve. L\u2019utilisateur est r\u00e9put\u00e9 les accepter sans\nr\u00e9serve et s\u2019y r\u00e9f\u00e9rer r\u00e9guli\u00e8rement pour prendre connaissance\ndes modifications. Le site souhor.com se r\u00e9serve aussi le droit de\nc\u00e9der, transf\u00e9rer, ce sans pr\u00e9avis, les droits et\/ou obligations\ndes pr\u00e9sentes CGU et mentions l\u00e9gales. En continuant \u00e0 utiliser\nles Services du site souhor.com , l\u2019utilisateur reconna\u00eet accepter\nles modifications des conditions g\u00e9n\u00e9rales d&rsquo;utilisation qui\nseraient intervenues.<\/p>\n\n\n\n<p>\n&nbsp;<br><strong>6.\nLimitation de responsabilit\u00e9 :<\/strong><br><br>Le\nsite souhor.com ne saurait \u00eatre tenu responsable des erreurs\ntypographiques ou inexactitudes apparaissant sur le service, ou de\nquelques dommages subis r\u00e9sultant de son utilisation. L\u2019utilisateur\nreste responsable de son \u00e9quipement et de son utilisation, de m\u00eame\nil supporte seul les co\u00fbts directs ou indirects suite \u00e0 sa\nconnexion \u00e0 Internet.<br>Pour acc\u00e9der \u00e0 l&rsquo;ensemble du site\nsouhor.com, l\u2019utilisateur s\u2019engage \u00e0 utiliser un mat\u00e9riel\nr\u00e9cent, ne contenant pas de virus et avec les mises \u00e0 jour faites\nde son navigateur.&nbsp; L\u2019utilisateur d\u00e9gage la responsabilit\u00e9\nde souhor.com pour tout pr\u00e9judice qu\u2019il pourrait subir ou faire\nsubir, directement ou indirectement, du fait de l&rsquo;utilisation des\nservices propos\u00e9s. Seule la responsabilit\u00e9 de l\u2019utilisateur est\nengag\u00e9e par l\u2019utilisation du service propos\u00e9 et celui-ci d\u00e9gage\nexpress\u00e9ment le site souhor.com de toute responsabilit\u00e9 vis \u00e0 vis\nde tiers.<br>Tout contenu (texte, photos, dessins,&#8230;) \u00e9mis par\nl&rsquo;interm\u00e9diaire de l&rsquo;espace contact ou tout autre espace interactif\nmis \u00e0 la la disposition des utilisateurs et&nbsp;non conforme aux\ndispositions l\u00e9gales et r\u00e9glementaires en vigueur et applicable en\nFrance, notamment atteintes aux droits de la personnalit\u00e9 de tiers\n(diffamation, injures, atteinte \u00e0 la vie priv\u00e9e,&#8230;), acte de\nconcurrence d\u00e9loyale, atteinte \u00e0 l&rsquo;ordre public et aux bonnes m\u0153urs\n( incitation \u00e0 la haine raciale, n\u00e9gationnisme, r\u00e9visionnisme,\npornographie,&#8230;) sera, sans mise en demeure pr\u00e9alable, supprim\u00e9\nsur le champ. Dans une telle situation, EIRL DANON propri\u00e9taire du\nsite souhor.com se r\u00e9serve la possibilit\u00e9 de mettre en cause la\nresponsabilit\u00e9 civile et\/ou p\u00e9nale de l\u2019utilisateur incrimin\u00e9.<\/p>\n\n\n\n<p>\n<br><strong>7.\nPropri\u00e9t\u00e9 intellectuelle :<\/strong><br><br>souhor.com\nest propri\u00e9taire exclusif de tous les droits de propri\u00e9t\u00e9\nintellectuelle ou d\u00e9tient les droits d\u2019usage sur tous les \u00e9l\u00e9ments\naccessibles sur le site, tant sur la structure que sur les textes,\nimages, graphismes, logo, ic\u00f4nes, sons, logiciels\u2026<br>Toute\nreproduction totale ou partielle du site souhor.com, repr\u00e9sentation,\nmodification, publication, adaptation totale ou partielle de l&rsquo;un\nquelconque de ces \u00e9l\u00e9ments, quel que soit le moyen ou le proc\u00e9d\u00e9\nutilis\u00e9, est interdite, sauf autorisation \u00e9crite pr\u00e9alable de EIRL\nDANON, propri\u00e9taire du site \u00e0 l&#8217;email&nbsp;:souhor,beaute@gmail.com,\n\u00e0 d\u00e9faut elle sera consid\u00e9r\u00e9e comme constitutive d\u2019une\ncontrefa\u00e7on et passible de poursuite conform\u00e9ment aux dispositions\ndes articles L.335-2 et suivants du Code de Propri\u00e9t\u00e9\nIntellectuelle.<\/p>\n\n\n\n<p>\n<br><strong>8.\nLiens hypertextes et cookies :<\/strong><br><br>Le\nsite souhor.com contient un certain nombre de liens hypertextes vers\nd\u2019autres sites (partenaires, informations \u2026) mis en place avec\nl\u2019autorisation de EIRL DANON. Cependant, EIRL DANON n\u2019a pas la\npossibilit\u00e9 de v\u00e9rifier l&rsquo;ensemble du contenu des sites ainsi\nvisit\u00e9s&nbsp;et d\u00e9cline donc toute responsabilit\u00e9 de ce fait quand\naux risques \u00e9ventuels de contenus illicites.<br>L\u2019utilisateur est\ninform\u00e9 que lors de ses visites sur le site souhor.com, un ou des\ncookies sont susceptibles de s\u2019installer automatiquement sur son\nordinateur par l&rsquo;interm\u00e9diaire de son logiciel de navigation. Un\ncookie est un bloc de donn\u00e9es qui ne permet pas d&rsquo;identifier\nl&rsquo;utilisateur, mais qui enregistre des informations relatives \u00e0 la\nnavigation de celui-ci sur le site.&nbsp;<br>Le param\u00e9trage du\nlogiciel de navigation permet d\u2019informer de la pr\u00e9sence de cookie\net \u00e9ventuellement, de la refuser de la mani\u00e8re d\u00e9crite \u00e0\nl\u2019adresse suivante :&nbsp;<a href=\"http:\/\/www.cnil.fr\/\">www.cnil.fr<\/a>.\nL\u2019utilisateur peut toutefois configurer le navigateur de son\nordinateur pour refuser l\u2019installation des cookies, sachant que le\nrefus d&rsquo;installation d&rsquo;un cookie peut entra\u00eener l\u2019impossibilit\u00e9\nd\u2019acc\u00e9der \u00e0 certains services. Pour tout blocage des cookies,\ntapez dans votre moteur de recherche : blocage des cookies sous IE ou\nfirefox et suivez les instructions en fonction de votre version.<br><br><br><strong>9.\nProtection des biens et des personnes &#8211; gestion des donn\u00e9es\npersonnelles :<\/strong><br><br>En\nFrance, les donn\u00e9es personnelles sont notamment prot\u00e9g\u00e9es par la\nloi n\u00b0 78-87 du 6 janvier 1978, la loi n\u00b0 2004-801 du 6 ao\u00fbt 2004,\nl&rsquo;article L. 226-13 du Code p\u00e9nal et la Directive Europ\u00e9enne du 24\noctobre 1995.<\/p>\n\n\n\n<p>\nSur\nle site souhor.com, EIRL DANON ne collecte des informations\npersonnelles ( suivant l&rsquo;article 4 loi n\u00b078-17 du 06 janvier 1978)\nrelatives \u00e0 l&rsquo;utilisateur que pour le besoin de certains services\npropos\u00e9s par le site souhor.com. L&rsquo;utilisateur fournit ces\ninformations en toute connaissance de cause, notamment lorsqu&rsquo;il\nproc\u00e8de par lui-m\u00eame \u00e0 leur saisie. Il est alors pr\u00e9cis\u00e9 \u00e0\nl&rsquo;utilisateur du site souhor.com l\u2019obligation ou non de fournir ces\ninformations.<br>Conform\u00e9ment aux dispositions des articles 38 et\nsuivants de la loi 78-17 du 6 janvier 1978 relative \u00e0\nl\u2019informatique, aux fichiers et aux libert\u00e9s, tout utilisateur\ndispose d\u2019un droit d\u2019acc\u00e8s, de rectification, de suppression et\nd\u2019opposition aux donn\u00e9es personnelles le concernant. Pour\nl\u2019exercer, adressez votre demande \u00e0 souhor.com par email\n:&nbsp;souhor.beaute@gmail.com<strong>\n<\/strong>ou&nbsp;par\n\u00e9crit&nbsp;d\u00fbment sign\u00e9e, accompagn\u00e9e d\u2019une copie du titre\nd\u2019identit\u00e9 avec signature du titulaire de la pi\u00e8ce, en pr\u00e9cisant\nl\u2019adresse \u00e0 laquelle la r\u00e9ponse doit \u00eatre envoy\u00e9e.<\/p>\n\n\n\n<p>\nAucune\ninformation personnelle de l&rsquo;utilisateur du site souhor.com n&rsquo;est\npubli\u00e9e \u00e0 l&rsquo;insu de l&rsquo;utilisateur, \u00e9chang\u00e9e, transf\u00e9r\u00e9e, c\u00e9d\u00e9e\nou vendue sur un support quelconque \u00e0 des tiers. \n<\/p>\n\n\n\n<p>\nLes\nbases de donn\u00e9es sont prot\u00e9g\u00e9es par les dispositions de la loi du\n1er juillet 1998 transposant la directive 96\/9 du 11 mars 1996\nrelative \u00e0 la protection juridique des bases de donn\u00e9es.<\/p>\n\n\n\n<p>\n<strong>10.\nLoi applicable et juridiction comp\u00e9tente :<\/strong><br><br>Les\npr\u00e9sentes Conditions G\u00e9n\u00e9rales d&rsquo;Utilisation et la relation de\nl&rsquo;utilisateur avec le site souhor.com en vertu de ces Conditions\nG\u00e9n\u00e9rales d&rsquo;Utilisation sont r\u00e9gies par le droit Fran\u00e7ais.\nL\u2019utilisateur ainsi que souhor.com acceptent de se soumettre \u00e0 la\ncomp\u00e9tence exclusive des tribunaux Fran\u00e7ais en cas de litige\nr\u00e9sultant de ces conditions g\u00e9n\u00e9rales d&rsquo;utilisation.<\/p>\n","protected":false},"excerpt":{"rendered":"<p>MENTIONS LEGALES : Conform\u00e9ment aux dispositions des articles 6-III et 19 de la Loi n\u00b0 2004-575 du 21 juin 2004 pour la Confiance dans l&rsquo;\u00e9conomie num\u00e9rique, dite L.C.E.N., nous portons \u00e0 la connaissance des utilisateurs et visiteurs du site : souhor.com les informations suivantes : 1. Informations l\u00e9gales : souhor.com et son activit\u00e9 sont un [&hellip;]<\/p>\n","protected":false},"author":1,"featured_media":0,"parent":0,"menu_order":0,"comment_status":"closed","ping_status":"closed","template":"","meta":{"footnotes":""},"class_list":["post-3","page","type-page","status-publish","hentry"],"jetpack_shortlink":"https:\/\/wp.me\/Pab9c0-3","jetpack-related-posts":[],"jetpack_sharing_enabled":true,"_links":{"self":[{"href":"https:\/\/souhor.com\/index.php?rest_route=\/wp\/v2\/pages\/3","targetHints":{"allow":["GET"]}}],"collection":[{"href":"https:\/\/souhor.com\/index.php?rest_route=\/wp\/v2\/pages"}],"about":[{"href":"https:\/\/souhor.com\/index.php?rest_route=\/wp\/v2\/types\/page"}],"author":[{"embeddable":true,"href":"https:\/\/souhor.com\/index.php?rest_route=\/wp\/v2\/users\/1"}],"replies":[{"embeddable":true,"href":"https:\/\/souhor.com\/index.php?rest_route=%2Fwp%2Fv2%2Fcomments&post=3"}],"version-history":[{"count":2,"href":"https:\/\/souhor.com\/index.php?rest_route=\/wp\/v2\/pages\/3\/revisions"}],"predecessor-version":[{"id":641,"href":"https:\/\/souhor.com\/index.php?rest_route=\/wp\/v2\/pages\/3\/revisions\/641"}],"wp:attachment":[{"href":"https:\/\/souhor.com\/index.php?rest_route=%2Fwp%2Fv2%2Fmedia&parent=3"}],"curies":[{"name":"wp","href":"https:\/\/api.w.org\/{rel}","templated":true}]}}